{"id":18727,"date":"2025-03-21T21:31:37","date_gmt":"2025-03-21T21:31:37","guid":{"rendered":"https:\/\/defactoswiss.ch\/ueber-uns\/"},"modified":"2025-05-26T19:53:40","modified_gmt":"2025-05-26T19:53:40","slug":"ueber-uns","status":"publish","type":"page","link":"https:\/\/defactoswiss.ch\/de\/ueber-uns\/","title":{"rendered":"\u00dcber uns"},"content":{"rendered":"\t\t<div data-elementor-type=\"wp-page\" data-elementor-id=\"18727\" class=\"elementor elementor-18727 elementor-14983\" data-elementor-settings=\"{&quot;ha_cmc_init_switcher&quot;:&quot;no&quot;}\" data-elementor-post-type=\"page\">\n\t\t\t\t<div class=\"elementor-element elementor-element-4c95e577 e-con-full e-flex e-con e-parent\" data-id=\"4c95e577\" data-element_type=\"container\" data-e-type=\"container\" data-settings=\"{&quot;background_background&quot;:&quot;classic&quot;,&quot;_ha_eqh_enable&quot;:false,&quot;ekit_has_onepagescroll_dot&quot;:&quot;yes&quot;}\">\n\t\t<div class=\"elementor-element elementor-element-3db1cdf8 e-flex e-con-boxed e-con e-child\" data-id=\"3db1cdf8\" data-element_type=\"container\" data-e-type=\"container\" data-settings=\"{&quot;_ha_eqh_enable&quot;:false,&quot;ekit_has_onepagescroll_dot&quot;:&quot;yes&quot;}\">\n\t\t\t\t\t<div class=\"e-con-inner\">\n\t\t\t\t<div class=\"elementor-element elementor-element-35bf51a6 elementor-widget__width-initial elementor-widget-tablet__width-inherit elementor-widget elementor-widget-heading\" data-id=\"35bf51a6\" data-element_type=\"widget\" data-e-type=\"widget\" id=\"comelavoriamo\" data-settings=\"{&quot;ekit_we_effect_on&quot;:&quot;none&quot;}\" data-widget_type=\"heading.default\">\n\t\t\t\t<div class=\"elementor-widget-container\">\n\t\t\t\t\t<h2 class=\"elementor-heading-title elementor-size-default\"><br>De-facto swiss<br>-Wer wir sind<br>-Wie wir arbeiten<\/h2>\t\t\t\t<\/div>\n\t\t\t\t<\/div>\n\t\t\t\t<div class=\"elementor-element elementor-element-41284917 elementor-widget__width-initial elementor-widget-tablet__width-inherit elementor-widget elementor-widget-text-editor\" data-id=\"41284917\" data-element_type=\"widget\" data-e-type=\"widget\" id=\"chisiamo\" data-settings=\"{&quot;ekit_we_effect_on&quot;:&quot;none&quot;}\" data-widget_type=\"text-editor.default\">\n\t\t\t\t<div class=\"elementor-widget-container\">\n\t\t\t\t\t\t\t\t\t<p><br \/><br \/><br \/><strong>\u00dcber uns<\/strong><\/p><p>Nach 30 Jahren im Bankwesen und in der Verm\u00f6gensverwaltung wurde De-facto swiss Sagl mit dem Ziel gegr\u00fcndet, Familien und Einzelpersonen durch die verschiedenen Lebensphasen zu begleiten, indem ihre Bed\u00fcrfnisse in den Bereichen Verwaltung, Verm\u00f6gen und Finanzen koordiniert werden.<\/p><p>Im Mittelpunkt unserer Arbeit steht die Familie. Wir gehen mit Verantwortung, Kompetenz und Einf\u00fchlungsverm\u00f6gen auf die Bed\u00fcrfnisse jedes einzelnen Mitglieds ein.<\/p>\t\t\t\t\t\t\t\t<\/div>\n\t\t\t\t<\/div>\n\t\t\t\t\t<\/div>\n\t\t\t\t<\/div>\n\t\t<div class=\"elementor-element elementor-element-b4f79b2 e-flex e-con-boxed e-con e-child\" data-id=\"b4f79b2\" data-element_type=\"container\" data-e-type=\"container\" id=\"unserarbeit-de\" data-settings=\"{&quot;_ha_eqh_enable&quot;:false,&quot;ekit_has_onepagescroll_dot&quot;:&quot;yes&quot;}\">\n\t\t\t\t\t<div class=\"e-con-inner\">\n\t\t\t\t\t<\/div>\n\t\t\t\t<\/div>\n\t\t<div class=\"elementor-element elementor-element-39946d2 e-flex e-con-boxed e-con e-child\" data-id=\"39946d2\" data-element_type=\"container\" data-e-type=\"container\" data-settings=\"{&quot;_ha_eqh_enable&quot;:false,&quot;ekit_has_onepagescroll_dot&quot;:&quot;yes&quot;}\">\n\t\t\t\t\t<div class=\"e-con-inner\">\n\t\t\t\t\t<\/div>\n\t\t\t\t<\/div>\n\t\t\t\t<\/div>\n\t\t\t\t<\/div>\n\t\t","protected":false},"excerpt":{"rendered":"<p>De-facto swiss-Wer wir sind-Wie wir arbeiten \u00dcber uns Nach 30 Jahren im Bankwesen und in der Verm\u00f6gensverwaltung wurde De-facto swiss Sagl mit dem Ziel gegr\u00fcndet, Familien und Einzelpersonen durch die verschiedenen Lebensphasen zu begleiten, indem ihre Bed\u00fcrfnisse in den Bereichen&#8230;<\/p>\n","protected":false},"author":1,"featured_media":0,"parent":0,"menu_order":0,"comment_status":"closed","ping_status":"closed","template":"elementor_theme","meta":{"footnotes":""},"class_list":["post-18727","page","type-page","status-publish","hentry"],"_links":{"self":[{"href":"https:\/\/defactoswiss.ch\/de\/wp-json\/wp\/v2\/pages\/18727","targetHints":{"allow":["GET"]}}],"collection":[{"href":"https:\/\/defactoswiss.ch\/de\/wp-json\/wp\/v2\/pages"}],"about":[{"href":"https:\/\/defactoswiss.ch\/de\/wp-json\/wp\/v2\/types\/page"}],"author":[{"embeddable":true,"href":"https:\/\/defactoswiss.ch\/de\/wp-json\/wp\/v2\/users\/1"}],"replies":[{"embeddable":true,"href":"https:\/\/defactoswiss.ch\/de\/wp-json\/wp\/v2\/comments?post=18727"}],"version-history":[{"count":189,"href":"https:\/\/defactoswiss.ch\/de\/wp-json\/wp\/v2\/pages\/18727\/revisions"}],"predecessor-version":[{"id":24681,"href":"https:\/\/defactoswiss.ch\/de\/wp-json\/wp\/v2\/pages\/18727\/revisions\/24681"}],"wp:attachment":[{"href":"https:\/\/defactoswiss.ch\/de\/wp-json\/wp\/v2\/media?parent=18727"}],"curies":[{"name":"wp","href":"https:\/\/api.w.org\/{rel}","templated":true}]}}