{"id":18722,"date":"2025-03-21T21:31:37","date_gmt":"2025-03-21T21:31:37","guid":{"rendered":"https:\/\/defactoswiss.ch\/a-propos-de-nous\/"},"modified":"2025-05-28T00:46:58","modified_gmt":"2025-05-28T00:46:58","slug":"a-propos-de-nous","status":"publish","type":"page","link":"https:\/\/defactoswiss.ch\/fr\/a-propos-de-nous\/","title":{"rendered":"A propos de nous"},"content":{"rendered":"\t\t<div data-elementor-type=\"wp-page\" data-elementor-id=\"18722\" class=\"elementor elementor-18722 elementor-14983\" data-elementor-settings=\"{&quot;ha_cmc_init_switcher&quot;:&quot;no&quot;}\" data-elementor-post-type=\"page\">\n\t\t\t\t<div class=\"elementor-element elementor-element-4c95e577 e-con-full e-flex e-con e-parent\" data-id=\"4c95e577\" data-element_type=\"container\" data-e-type=\"container\" data-settings=\"{&quot;background_background&quot;:&quot;classic&quot;,&quot;ekit_has_onepagescroll_dot&quot;:&quot;yes&quot;}\">\n\t\t<div class=\"elementor-element elementor-element-3db1cdf8 e-flex e-con-boxed e-con e-child\" data-id=\"3db1cdf8\" data-element_type=\"container\" data-e-type=\"container\" data-settings=\"{&quot;_ha_eqh_enable&quot;:false,&quot;ekit_has_onepagescroll_dot&quot;:&quot;yes&quot;}\">\n\t\t\t\t\t<div class=\"e-con-inner\">\n\t\t\t\t<div class=\"elementor-element elementor-element-35bf51a6 elementor-widget__width-initial elementor-widget-tablet__width-inherit elementor-widget elementor-widget-heading\" data-id=\"35bf51a6\" data-element_type=\"widget\" data-e-type=\"widget\" id=\"comelavoriamo-fr\" data-settings=\"{&quot;ekit_we_effect_on&quot;:&quot;none&quot;}\" data-widget_type=\"heading.default\">\n\t\t\t\t<div class=\"elementor-widget-container\">\n\t\t\t\t\t<h2 class=\"elementor-heading-title elementor-size-default\"><br>De-facto swiss<br>Qui sommes-nous <br>Comment travaillons-nous <\/h2>\t\t\t\t<\/div>\n\t\t\t\t<\/div>\n\t\t\t\t<div class=\"elementor-element elementor-element-41284917 elementor-widget__width-initial elementor-widget-tablet__width-inherit elementor-widget elementor-widget-text-editor\" data-id=\"41284917\" data-element_type=\"widget\" data-e-type=\"widget\" id=\"chisiamo\" data-settings=\"{&quot;ekit_we_effect_on&quot;:&quot;none&quot;}\" data-widget_type=\"text-editor.default\">\n\t\t\t\t<div class=\"elementor-widget-container\">\n\t\t\t\t\t\t\t\t\t<h2>A propos de nous<\/h2><p style=\"margin-top: 0cm;\"><span lang=\"IT-CH\" style=\"font-size: 13.0pt; font-family: Poppins; color: #080101; letter-spacing: -.05pt;\"><br \/>Apr\u00e8s trente ans d&rsquo;activit\u00e9 dans le domaine de la banque et de la gestion de patrimoine, De-facto swiss Sagl est n\u00e9 dans le but d&rsquo;accompagner les familles et les individus \u00e0 diff\u00e9rentes \u00e9tapes de la vie en coordonnant les besoins administratifs, patrimoniaux et financiers.<\/span><\/p><p style=\"margin-top: 0cm;\"><span lang=\"IT-CH\" style=\"font-size: 13.0pt; font-family: Poppins; color: #080101; letter-spacing: -.05pt;\">La famille est au c\u0153ur de notre travail. Nous suivons les besoins de chaque membre avec responsabilit\u00e9, comp\u00e9tence et sensibilit\u00e9.<\/span><\/p>\t\t\t\t\t\t\t\t<\/div>\n\t\t\t\t<\/div>\n\t\t\t\t\t<\/div>\n\t\t\t\t<\/div>\n\t\t<div class=\"elementor-element elementor-element-b4f79b2 e-flex e-con-boxed e-con e-child\" data-id=\"b4f79b2\" data-element_type=\"container\" data-e-type=\"container\" id=\"notretravail-fr\" data-settings=\"{&quot;_ha_eqh_enable&quot;:false,&quot;ekit_has_onepagescroll_dot&quot;:&quot;yes&quot;}\">\n\t\t\t\t\t<div class=\"e-con-inner\">\n\t\t\t\t\t<\/div>\n\t\t\t\t<\/div>\n\t\t<div class=\"elementor-element elementor-element-39946d2 e-flex e-con-boxed e-con e-child\" data-id=\"39946d2\" data-element_type=\"container\" data-e-type=\"container\" data-settings=\"{&quot;_ha_eqh_enable&quot;:false,&quot;ekit_has_onepagescroll_dot&quot;:&quot;yes&quot;}\">\n\t\t\t\t\t<div class=\"e-con-inner\">\n\t\t\t\t\t<\/div>\n\t\t\t\t<\/div>\n\t\t\t\t<\/div>\n\t\t\t\t<\/div>\n\t\t","protected":false},"excerpt":{"rendered":"<p>De-facto swissQui sommes-nous Comment travaillons-nous A propos de nous Apr\u00e8s trente ans d&rsquo;activit\u00e9 dans le domaine de la banque et de la gestion de patrimoine, De-facto swiss Sagl est n\u00e9 dans le but d&rsquo;accompagner les familles et les individus \u00e0&#8230;<\/p>\n","protected":false},"author":1,"featured_media":0,"parent":0,"menu_order":0,"comment_status":"closed","ping_status":"closed","template":"elementor_theme","meta":{"footnotes":""},"class_list":["post-18722","page","type-page","status-publish","hentry"],"_links":{"self":[{"href":"https:\/\/defactoswiss.ch\/fr\/wp-json\/wp\/v2\/pages\/18722","targetHints":{"allow":["GET"]}}],"collection":[{"href":"https:\/\/defactoswiss.ch\/fr\/wp-json\/wp\/v2\/pages"}],"about":[{"href":"https:\/\/defactoswiss.ch\/fr\/wp-json\/wp\/v2\/types\/page"}],"author":[{"embeddable":true,"href":"https:\/\/defactoswiss.ch\/fr\/wp-json\/wp\/v2\/users\/1"}],"replies":[{"embeddable":true,"href":"https:\/\/defactoswiss.ch\/fr\/wp-json\/wp\/v2\/comments?post=18722"}],"version-history":[{"count":245,"href":"https:\/\/defactoswiss.ch\/fr\/wp-json\/wp\/v2\/pages\/18722\/revisions"}],"predecessor-version":[{"id":24772,"href":"https:\/\/defactoswiss.ch\/fr\/wp-json\/wp\/v2\/pages\/18722\/revisions\/24772"}],"wp:attachment":[{"href":"https:\/\/defactoswiss.ch\/fr\/wp-json\/wp\/v2\/media?parent=18722"}],"curies":[{"name":"wp","href":"https:\/\/api.w.org\/{rel}","templated":true}]}}